{"id":1653,"date":"2022-10-18T08:02:50","date_gmt":"2022-10-18T07:02:50","guid":{"rendered":"https:\/\/ferma.cat\/?post_type=product&#038;p=1653"},"modified":"2026-03-27T13:31:25","modified_gmt":"2026-03-27T12:31:25","slug":"paravent-banus","status":"publish","type":"product","link":"https:\/\/ferma.cat\/ar\/botiga\/paravent-banus\/","title":{"rendered":"Paravent Ban\u00fas"},"content":{"rendered":"","protected":false},"excerpt":{"rendered":"<p>Paravent nere damb era n\u00f2sta ins\u00edgnia pr\u00f2pria des quate barres e era corona florau cosuda-brodada ath pitrau, e brodat identificatiu de F\u00e8rma ara manja.<\/p>\n<p><em>Manufacturat en Vall\u00e8s.<\/em><\/p>\n<p>Recomanam consultar era guida de talhes.<\/p>","protected":false},"featured_media":1659,"comment_status":"closed","ping_status":"closed","template":"","meta":[],"product_cat":[68,78],"product_tag":[58],"class_list":["post-1653","product","type-product","status-publish","has-post-thumbnail","hentry","product_cat-roba","product_cat-jaquetes","product_tag-hooligans-catalans"],"yoast_head":"<!-- This site is optimized with the Yoast SEO plugin v27.3 - https:\/\/yoast.com\/product\/yoast-seo-wordpress\/ -->\n<title>Paravent Ban\u00fas - Ferma<\/title>\n<meta name=\"description\" content=\"Dessuadora gris amb estampaci\u00f3 al pit de l&#039;inscripci\u00f3 Catalonia amb la silueta de Montserrat i brodat &quot;ferma&quot; al puny de la m\u00e0niga.\" \/>\n<meta name=\"robots\" content=\"index, follow, max-snippet:-1, max-image-preview:large, max-video-preview:-1\" \/>\n<link rel=\"canonical\" href=\"https:\/\/ferma.cat\/ar\/botiga\/paravent-banus\/\" \/>\n<meta property=\"og:locale\" content=\"en_US\" \/>\n<meta property=\"og:type\" content=\"article\" \/>\n<meta property=\"og:title\" content=\"Paravent Ban\u00fas - Ferma\" \/>\n<meta property=\"og:description\" content=\"Dessuadora gris amb estampaci\u00f3 al pit de l&#039;inscripci\u00f3 Catalonia amb la silueta de Montserrat i brodat &quot;ferma&quot; al puny de la m\u00e0niga.\" \/>\n<meta property=\"og:url\" content=\"https:\/\/ferma.cat\/ar\/botiga\/paravent-banus\/\" \/>\n<meta property=\"og:site_name\" content=\"Ferma\" \/>\n<meta property=\"article:modified_time\" content=\"2026-03-27T12:31:25+00:00\" \/>\n<meta property=\"og:image\" content=\"https:\/\/ferma.cat\/wp-content\/uploads\/2022\/10\/438_1.jpg\" \/>\n\t<meta property=\"og:image:width\" content=\"1181\" \/>\n\t<meta property=\"og:image:height\" content=\"1181\" \/>\n\t<meta property=\"og:image:type\" content=\"image\/jpeg\" \/>\n<meta name=\"twitter:card\" content=\"summary_large_image\" \/>\n<meta name=\"twitter:label1\" content=\"Est. reading time\" \/>\n\t<meta name=\"twitter:data1\" content=\"1 minute\" \/>\n<script type=\"application\/ld+json\" class=\"yoast-schema-graph\">{\"@context\":\"https:\\\/\\\/schema.org\",\"@graph\":[{\"@type\":\"WebPage\",\"@id\":\"https:\\\/\\\/ferma.cat\\\/botiga\\\/paravent-banus\\\/\",\"url\":\"https:\\\/\\\/ferma.cat\\\/botiga\\\/paravent-banus\\\/\",\"name\":\"Paravent Ban\u00fas - Ferma\",\"isPartOf\":{\"@id\":\"https:\\\/\\\/ferma.cat\\\/#website\"},\"primaryImageOfPage\":{\"@id\":\"https:\\\/\\\/ferma.cat\\\/botiga\\\/paravent-banus\\\/#primaryimage\"},\"image\":{\"@id\":\"https:\\\/\\\/ferma.cat\\\/botiga\\\/paravent-banus\\\/#primaryimage\"},\"thumbnailUrl\":\"https:\\\/\\\/ferma.cat\\\/wp-content\\\/uploads\\\/2022\\\/10\\\/438_1.jpg\",\"datePublished\":\"2022-10-18T07:02:50+00:00\",\"dateModified\":\"2026-03-27T12:31:25+00:00\",\"description\":\"Dessuadora gris amb estampaci\u00f3 al pit de l'inscripci\u00f3 Catalonia amb la silueta de Montserrat i brodat \\\"ferma\\\" al puny de la m\u00e0niga.\",\"breadcrumb\":{\"@id\":\"https:\\\/\\\/ferma.cat\\\/botiga\\\/paravent-banus\\\/#breadcrumb\"},\"inLanguage\":\"oc\",\"potentialAction\":[{\"@type\":\"ReadAction\",\"target\":[\"https:\\\/\\\/ferma.cat\\\/botiga\\\/paravent-banus\\\/\"]}]},{\"@type\":\"ImageObject\",\"inLanguage\":\"oc\",\"@id\":\"https:\\\/\\\/ferma.cat\\\/botiga\\\/paravent-banus\\\/#primaryimage\",\"url\":\"https:\\\/\\\/ferma.cat\\\/wp-content\\\/uploads\\\/2022\\\/10\\\/438_1.jpg\",\"contentUrl\":\"https:\\\/\\\/ferma.cat\\\/wp-content\\\/uploads\\\/2022\\\/10\\\/438_1.jpg\",\"width\":1181,\"height\":1181},{\"@type\":\"BreadcrumbList\",\"@id\":\"https:\\\/\\\/ferma.cat\\\/botiga\\\/paravent-banus\\\/#breadcrumb\",\"itemListElement\":[{\"@type\":\"ListItem\",\"position\":1,\"name\":\"Inici\",\"item\":\"https:\\\/\\\/ferma.cat\\\/\"},{\"@type\":\"ListItem\",\"position\":2,\"name\":\"Botiga\",\"item\":\"https:\\\/\\\/ferma.cat\\\/botiga\\\/\"},{\"@type\":\"ListItem\",\"position\":3,\"name\":\"Paravent Ban\u00fas\"}]},{\"@type\":\"WebSite\",\"@id\":\"https:\\\/\\\/ferma.cat\\\/#website\",\"url\":\"https:\\\/\\\/ferma.cat\\\/\",\"name\":\"Ferma\",\"description\":\"Roba patriota\",\"publisher\":{\"@id\":\"https:\\\/\\\/ferma.cat\\\/#organization\"},\"potentialAction\":[{\"@type\":\"SearchAction\",\"target\":{\"@type\":\"EntryPoint\",\"urlTemplate\":\"https:\\\/\\\/ferma.cat\\\/?s={search_term_string}\"},\"query-input\":{\"@type\":\"PropertyValueSpecification\",\"valueRequired\":true,\"valueName\":\"search_term_string\"}}],\"inLanguage\":\"oc\"},{\"@type\":\"Organization\",\"@id\":\"https:\\\/\\\/ferma.cat\\\/#organization\",\"name\":\"Ferma\",\"url\":\"https:\\\/\\\/ferma.cat\\\/\",\"logo\":{\"@type\":\"ImageObject\",\"inLanguage\":\"oc\",\"@id\":\"https:\\\/\\\/ferma.cat\\\/#\\\/schema\\\/logo\\\/image\\\/\",\"url\":\"https:\\\/\\\/ferma.cat\\\/wp-content\\\/uploads\\\/2020\\\/12\\\/logoescuts.png\",\"contentUrl\":\"https:\\\/\\\/ferma.cat\\\/wp-content\\\/uploads\\\/2020\\\/12\\\/logoescuts.png\",\"width\":434,\"height\":295,\"caption\":\"Ferma\"},\"image\":{\"@id\":\"https:\\\/\\\/ferma.cat\\\/#\\\/schema\\\/logo\\\/image\\\/\"}}]}<\/script>\n<!-- \/ Yoast SEO plugin. -->","yoast_head_json":{"title":"Paravent Ban\u00fas - Ferma","description":"Dessuadora gris amb estampaci\u00f3 al pit de l'inscripci\u00f3 Catalonia amb la silueta de Montserrat i brodat \"ferma\" al puny de la m\u00e0niga.","robots":{"index":"index","follow":"follow","max-snippet":"max-snippet:-1","max-image-preview":"max-image-preview:large","max-video-preview":"max-video-preview:-1"},"canonical":"https:\/\/ferma.cat\/ar\/botiga\/paravent-banus\/","og_locale":"en_US","og_type":"article","og_title":"Paravent Ban\u00fas - Ferma","og_description":"Dessuadora gris amb estampaci\u00f3 al pit de l'inscripci\u00f3 Catalonia amb la silueta de Montserrat i brodat \"ferma\" al puny de la m\u00e0niga.","og_url":"https:\/\/ferma.cat\/ar\/botiga\/paravent-banus\/","og_site_name":"Ferma","article_modified_time":"2026-03-27T12:31:25+00:00","og_image":[{"width":1181,"height":1181,"url":"https:\/\/ferma.cat\/wp-content\/uploads\/2022\/10\/438_1.jpg","type":"image\/jpeg"}],"twitter_card":"summary_large_image","twitter_misc":{"Est. reading time":"1 minute"},"schema":{"@context":"https:\/\/schema.org","@graph":[{"@type":"WebPage","@id":"https:\/\/ferma.cat\/botiga\/paravent-banus\/","url":"https:\/\/ferma.cat\/botiga\/paravent-banus\/","name":"Paravent Ban\u00fas - Ferma","isPartOf":{"@id":"https:\/\/ferma.cat\/#website"},"primaryImageOfPage":{"@id":"https:\/\/ferma.cat\/botiga\/paravent-banus\/#primaryimage"},"image":{"@id":"https:\/\/ferma.cat\/botiga\/paravent-banus\/#primaryimage"},"thumbnailUrl":"https:\/\/ferma.cat\/wp-content\/uploads\/2022\/10\/438_1.jpg","datePublished":"2022-10-18T07:02:50+00:00","dateModified":"2026-03-27T12:31:25+00:00","description":"Dessuadora gris amb estampaci\u00f3 al pit de l'inscripci\u00f3 Catalonia amb la silueta de Montserrat i brodat \"ferma\" al puny de la m\u00e0niga.","breadcrumb":{"@id":"https:\/\/ferma.cat\/botiga\/paravent-banus\/#breadcrumb"},"inLanguage":"oc","potentialAction":[{"@type":"ReadAction","target":["https:\/\/ferma.cat\/botiga\/paravent-banus\/"]}]},{"@type":"ImageObject","inLanguage":"oc","@id":"https:\/\/ferma.cat\/botiga\/paravent-banus\/#primaryimage","url":"https:\/\/ferma.cat\/wp-content\/uploads\/2022\/10\/438_1.jpg","contentUrl":"https:\/\/ferma.cat\/wp-content\/uploads\/2022\/10\/438_1.jpg","width":1181,"height":1181},{"@type":"BreadcrumbList","@id":"https:\/\/ferma.cat\/botiga\/paravent-banus\/#breadcrumb","itemListElement":[{"@type":"ListItem","position":1,"name":"Inici","item":"https:\/\/ferma.cat\/"},{"@type":"ListItem","position":2,"name":"Botiga","item":"https:\/\/ferma.cat\/botiga\/"},{"@type":"ListItem","position":3,"name":"Paravent Ban\u00fas"}]},{"@type":"WebSite","@id":"https:\/\/ferma.cat\/#website","url":"https:\/\/ferma.cat\/","name":"Ferma","description":"R\u00f2ba patriota","publisher":{"@id":"https:\/\/ferma.cat\/#organization"},"potentialAction":[{"@type":"SearchAction","target":{"@type":"EntryPoint","urlTemplate":"https:\/\/ferma.cat\/?s={search_term_string}"},"query-input":{"@type":"PropertyValueSpecification","valueRequired":true,"valueName":"search_term_string"}}],"inLanguage":"oc"},{"@type":"Organization","@id":"https:\/\/ferma.cat\/#organization","name":"Ferma","url":"https:\/\/ferma.cat\/","logo":{"@type":"ImageObject","inLanguage":"oc","@id":"https:\/\/ferma.cat\/#\/schema\/logo\/image\/","url":"https:\/\/ferma.cat\/wp-content\/uploads\/2020\/12\/logoescuts.png","contentUrl":"https:\/\/ferma.cat\/wp-content\/uploads\/2020\/12\/logoescuts.png","width":434,"height":295,"caption":"Ferma"},"image":{"@id":"https:\/\/ferma.cat\/#\/schema\/logo\/image\/"}}]}},"_links":{"self":[{"href":"https:\/\/ferma.cat\/ar\/wp-json\/wp\/v2\/product\/1653","targetHints":{"allow":["GET"]}}],"collection":[{"href":"https:\/\/ferma.cat\/ar\/wp-json\/wp\/v2\/product"}],"about":[{"href":"https:\/\/ferma.cat\/ar\/wp-json\/wp\/v2\/types\/product"}],"replies":[{"embeddable":true,"href":"https:\/\/ferma.cat\/ar\/wp-json\/wp\/v2\/comments?post=1653"}],"wp:featuredmedia":[{"embeddable":true,"href":"https:\/\/ferma.cat\/ar\/wp-json\/wp\/v2\/media\/1659"}],"wp:attachment":[{"href":"https:\/\/ferma.cat\/ar\/wp-json\/wp\/v2\/media?parent=1653"}],"wp:term":[{"taxonomy":"product_cat","embeddable":true,"href":"https:\/\/ferma.cat\/ar\/wp-json\/wp\/v2\/product_cat?post=1653"},{"taxonomy":"product_tag","embeddable":true,"href":"https:\/\/ferma.cat\/ar\/wp-json\/wp\/v2\/product_tag?post=1653"}],"curies":[{"name":"wp","href":"https:\/\/api.w.org\/{rel}","templated":true}]}}