{"id":1483,"date":"2022-02-24T13:48:16","date_gmt":"2022-02-24T12:48:16","guid":{"rendered":"https:\/\/ferma.cat\/?post_type=product&#038;p=1483"},"modified":"2026-04-04T11:30:45","modified_gmt":"2026-04-04T10:30:45","slug":"bandera-santa-eulalia","status":"publish","type":"product","link":"https:\/\/ferma.cat\/ar\/botiga\/bandera-santa-eulalia\/","title":{"rendered":"Ban\u00e8ra Santa Eul\u00e0lia"},"content":{"rendered":"","protected":false},"excerpt":{"rendered":"<p><img loading=\"lazy\" decoding=\"async\" class=\"alignright wp-image-649\" src=\"https:\/\/ferma.cat\/wp-content\/uploads\/2021\/09\/ppcc2.png\" alt=\"\" width=\"115\" height=\"117\" \/>Ban\u00e8ra de 100\u00d770 cm, dera istorica ensenhe de Santa Eul\u00e0lia. Simb\u00e8u dera resist\u00e9ncia t\u00e8sta l\u2019invasor e Patrona de Barcelona.<\/p>\n<p>Era ban\u00e8ra \u00e8re enarborada en forma de pen\u00f3 coma estendard militar tant ara gu\u00e8rra des segadors coma era de succession.<br \/>\nRas dera desbranda de 1714 Santa Eul\u00e0lia siguec desafavorida eth favor de Merc\u00e8 coma patrona de Barcelona per part des borbons peth simbolisme belic e de resist\u00e9ncia qu'aguesta rosigaue.<\/p>\n<p>100% poliester ignifug.<\/p>\n<p><em>Produccion 100% nacionau de principi a fin.<\/em><\/p>\n<p><em>Fabricat en Vall\u00e8s.<\/em><\/p>","protected":false},"featured_media":1486,"comment_status":"closed","ping_status":"closed","template":"","meta":[],"product_cat":[15,65],"product_tag":[75],"class_list":["post-1483","product","type-product","status-publish","has-post-thumbnail","hentry","product_cat-accessoris","product_cat-banderes","product_tag-historia"],"yoast_head":"<!-- This site is optimized with the Yoast SEO plugin v27.3 - https:\/\/yoast.com\/product\/yoast-seo-wordpress\/ -->\n<title>Bandera Santa Eul\u00e0lia - Ferma<\/title>\n<meta name=\"description\" content=\"Bandera de 100x70 cm, de la hist\u00f2rica ensenya de la patrona de Barcelona, Santa Eul\u00e0lia.. 100% poli\u00e8ster ign\u00edfug. Fabricat al Vall\u00e8s.\" \/>\n<meta name=\"robots\" content=\"index, follow, max-snippet:-1, max-image-preview:large, max-video-preview:-1\" \/>\n<link rel=\"canonical\" href=\"https:\/\/ferma.cat\/ar\/botiga\/bandera-santa-eulalia\/\" \/>\n<meta property=\"og:locale\" content=\"en_US\" \/>\n<meta property=\"og:type\" content=\"article\" \/>\n<meta property=\"og:title\" content=\"Bandera Santa Eul\u00e0lia - Ferma\" \/>\n<meta property=\"og:description\" content=\"Bandera de 100x70 cm, de la hist\u00f2rica ensenya de la patrona de Barcelona, Santa Eul\u00e0lia.. 100% poli\u00e8ster ign\u00edfug. Fabricat al Vall\u00e8s.\" \/>\n<meta property=\"og:url\" content=\"https:\/\/ferma.cat\/ar\/botiga\/bandera-santa-eulalia\/\" \/>\n<meta property=\"og:site_name\" content=\"Ferma\" \/>\n<meta property=\"article:modified_time\" content=\"2026-04-04T10:30:45+00:00\" \/>\n<meta property=\"og:image\" content=\"https:\/\/ferma.cat\/wp-content\/uploads\/2022\/02\/315D.jpg\" \/>\n\t<meta property=\"og:image:width\" content=\"1781\" \/>\n\t<meta property=\"og:image:height\" content=\"1781\" \/>\n\t<meta property=\"og:image:type\" content=\"image\/jpeg\" \/>\n<meta name=\"twitter:card\" content=\"summary_large_image\" \/>\n<script type=\"application\/ld+json\" class=\"yoast-schema-graph\">{\"@context\":\"https:\\\/\\\/schema.org\",\"@graph\":[{\"@type\":\"WebPage\",\"@id\":\"https:\\\/\\\/ferma.cat\\\/botiga\\\/bandera-santa-eulalia\\\/\",\"url\":\"https:\\\/\\\/ferma.cat\\\/botiga\\\/bandera-santa-eulalia\\\/\",\"name\":\"Bandera Santa Eul\u00e0lia - Ferma\",\"isPartOf\":{\"@id\":\"https:\\\/\\\/ferma.cat\\\/#website\"},\"primaryImageOfPage\":{\"@id\":\"https:\\\/\\\/ferma.cat\\\/botiga\\\/bandera-santa-eulalia\\\/#primaryimage\"},\"image\":{\"@id\":\"https:\\\/\\\/ferma.cat\\\/botiga\\\/bandera-santa-eulalia\\\/#primaryimage\"},\"thumbnailUrl\":\"https:\\\/\\\/ferma.cat\\\/wp-content\\\/uploads\\\/2022\\\/02\\\/315D.jpg\",\"datePublished\":\"2022-02-24T12:48:16+00:00\",\"dateModified\":\"2026-04-04T10:30:45+00:00\",\"description\":\"Bandera de 100x70 cm, de la hist\u00f2rica ensenya de la patrona de Barcelona, Santa Eul\u00e0lia.. 100% poli\u00e8ster ign\u00edfug. Fabricat al Vall\u00e8s.\",\"breadcrumb\":{\"@id\":\"https:\\\/\\\/ferma.cat\\\/botiga\\\/bandera-santa-eulalia\\\/#breadcrumb\"},\"inLanguage\":\"oc\",\"potentialAction\":[{\"@type\":\"ReadAction\",\"target\":[\"https:\\\/\\\/ferma.cat\\\/botiga\\\/bandera-santa-eulalia\\\/\"]}]},{\"@type\":\"ImageObject\",\"inLanguage\":\"oc\",\"@id\":\"https:\\\/\\\/ferma.cat\\\/botiga\\\/bandera-santa-eulalia\\\/#primaryimage\",\"url\":\"https:\\\/\\\/ferma.cat\\\/wp-content\\\/uploads\\\/2022\\\/02\\\/315D.jpg\",\"contentUrl\":\"https:\\\/\\\/ferma.cat\\\/wp-content\\\/uploads\\\/2022\\\/02\\\/315D.jpg\",\"width\":1781,\"height\":1781},{\"@type\":\"BreadcrumbList\",\"@id\":\"https:\\\/\\\/ferma.cat\\\/botiga\\\/bandera-santa-eulalia\\\/#breadcrumb\",\"itemListElement\":[{\"@type\":\"ListItem\",\"position\":1,\"name\":\"Inici\",\"item\":\"https:\\\/\\\/ferma.cat\\\/\"},{\"@type\":\"ListItem\",\"position\":2,\"name\":\"Botiga\",\"item\":\"https:\\\/\\\/ferma.cat\\\/botiga\\\/\"},{\"@type\":\"ListItem\",\"position\":3,\"name\":\"Bandera Santa Eul\u00e0lia\"}]},{\"@type\":\"WebSite\",\"@id\":\"https:\\\/\\\/ferma.cat\\\/#website\",\"url\":\"https:\\\/\\\/ferma.cat\\\/\",\"name\":\"Ferma\",\"description\":\"Roba patriota\",\"publisher\":{\"@id\":\"https:\\\/\\\/ferma.cat\\\/#organization\"},\"potentialAction\":[{\"@type\":\"SearchAction\",\"target\":{\"@type\":\"EntryPoint\",\"urlTemplate\":\"https:\\\/\\\/ferma.cat\\\/?s={search_term_string}\"},\"query-input\":{\"@type\":\"PropertyValueSpecification\",\"valueRequired\":true,\"valueName\":\"search_term_string\"}}],\"inLanguage\":\"oc\"},{\"@type\":\"Organization\",\"@id\":\"https:\\\/\\\/ferma.cat\\\/#organization\",\"name\":\"Ferma\",\"url\":\"https:\\\/\\\/ferma.cat\\\/\",\"logo\":{\"@type\":\"ImageObject\",\"inLanguage\":\"oc\",\"@id\":\"https:\\\/\\\/ferma.cat\\\/#\\\/schema\\\/logo\\\/image\\\/\",\"url\":\"https:\\\/\\\/ferma.cat\\\/wp-content\\\/uploads\\\/2020\\\/12\\\/logoescuts.png\",\"contentUrl\":\"https:\\\/\\\/ferma.cat\\\/wp-content\\\/uploads\\\/2020\\\/12\\\/logoescuts.png\",\"width\":434,\"height\":295,\"caption\":\"Ferma\"},\"image\":{\"@id\":\"https:\\\/\\\/ferma.cat\\\/#\\\/schema\\\/logo\\\/image\\\/\"}}]}<\/script>\n<!-- \/ Yoast SEO plugin. -->","yoast_head_json":{"title":"Bandera Santa Eul\u00e0lia - Ferma","description":"Bandera de 100x70 cm, de la hist\u00f2rica ensenya de la patrona de Barcelona, Santa Eul\u00e0lia.. 100% poli\u00e8ster ign\u00edfug. Fabricat al Vall\u00e8s.","robots":{"index":"index","follow":"follow","max-snippet":"max-snippet:-1","max-image-preview":"max-image-preview:large","max-video-preview":"max-video-preview:-1"},"canonical":"https:\/\/ferma.cat\/ar\/botiga\/bandera-santa-eulalia\/","og_locale":"en_US","og_type":"article","og_title":"Bandera Santa Eul\u00e0lia - Ferma","og_description":"Bandera de 100x70 cm, de la hist\u00f2rica ensenya de la patrona de Barcelona, Santa Eul\u00e0lia.. 100% poli\u00e8ster ign\u00edfug. Fabricat al Vall\u00e8s.","og_url":"https:\/\/ferma.cat\/ar\/botiga\/bandera-santa-eulalia\/","og_site_name":"Ferma","article_modified_time":"2026-04-04T10:30:45+00:00","og_image":[{"width":1781,"height":1781,"url":"https:\/\/ferma.cat\/wp-content\/uploads\/2022\/02\/315D.jpg","type":"image\/jpeg"}],"twitter_card":"summary_large_image","schema":{"@context":"https:\/\/schema.org","@graph":[{"@type":"WebPage","@id":"https:\/\/ferma.cat\/botiga\/bandera-santa-eulalia\/","url":"https:\/\/ferma.cat\/botiga\/bandera-santa-eulalia\/","name":"Bandera Santa Eul\u00e0lia - Ferma","isPartOf":{"@id":"https:\/\/ferma.cat\/#website"},"primaryImageOfPage":{"@id":"https:\/\/ferma.cat\/botiga\/bandera-santa-eulalia\/#primaryimage"},"image":{"@id":"https:\/\/ferma.cat\/botiga\/bandera-santa-eulalia\/#primaryimage"},"thumbnailUrl":"https:\/\/ferma.cat\/wp-content\/uploads\/2022\/02\/315D.jpg","datePublished":"2022-02-24T12:48:16+00:00","dateModified":"2026-04-04T10:30:45+00:00","description":"Bandera de 100x70 cm, de la hist\u00f2rica ensenya de la patrona de Barcelona, Santa Eul\u00e0lia.. 100% poli\u00e8ster ign\u00edfug. Fabricat al Vall\u00e8s.","breadcrumb":{"@id":"https:\/\/ferma.cat\/botiga\/bandera-santa-eulalia\/#breadcrumb"},"inLanguage":"oc","potentialAction":[{"@type":"ReadAction","target":["https:\/\/ferma.cat\/botiga\/bandera-santa-eulalia\/"]}]},{"@type":"ImageObject","inLanguage":"oc","@id":"https:\/\/ferma.cat\/botiga\/bandera-santa-eulalia\/#primaryimage","url":"https:\/\/ferma.cat\/wp-content\/uploads\/2022\/02\/315D.jpg","contentUrl":"https:\/\/ferma.cat\/wp-content\/uploads\/2022\/02\/315D.jpg","width":1781,"height":1781},{"@type":"BreadcrumbList","@id":"https:\/\/ferma.cat\/botiga\/bandera-santa-eulalia\/#breadcrumb","itemListElement":[{"@type":"ListItem","position":1,"name":"Inici","item":"https:\/\/ferma.cat\/"},{"@type":"ListItem","position":2,"name":"Botiga","item":"https:\/\/ferma.cat\/botiga\/"},{"@type":"ListItem","position":3,"name":"Bandera Santa Eul\u00e0lia"}]},{"@type":"WebSite","@id":"https:\/\/ferma.cat\/#website","url":"https:\/\/ferma.cat\/","name":"Ferma","description":"R\u00f2ba patriota","publisher":{"@id":"https:\/\/ferma.cat\/#organization"},"potentialAction":[{"@type":"SearchAction","target":{"@type":"EntryPoint","urlTemplate":"https:\/\/ferma.cat\/?s={search_term_string}"},"query-input":{"@type":"PropertyValueSpecification","valueRequired":true,"valueName":"search_term_string"}}],"inLanguage":"oc"},{"@type":"Organization","@id":"https:\/\/ferma.cat\/#organization","name":"Ferma","url":"https:\/\/ferma.cat\/","logo":{"@type":"ImageObject","inLanguage":"oc","@id":"https:\/\/ferma.cat\/#\/schema\/logo\/image\/","url":"https:\/\/ferma.cat\/wp-content\/uploads\/2020\/12\/logoescuts.png","contentUrl":"https:\/\/ferma.cat\/wp-content\/uploads\/2020\/12\/logoescuts.png","width":434,"height":295,"caption":"Ferma"},"image":{"@id":"https:\/\/ferma.cat\/#\/schema\/logo\/image\/"}}]}},"_links":{"self":[{"href":"https:\/\/ferma.cat\/ar\/wp-json\/wp\/v2\/product\/1483","targetHints":{"allow":["GET"]}}],"collection":[{"href":"https:\/\/ferma.cat\/ar\/wp-json\/wp\/v2\/product"}],"about":[{"href":"https:\/\/ferma.cat\/ar\/wp-json\/wp\/v2\/types\/product"}],"replies":[{"embeddable":true,"href":"https:\/\/ferma.cat\/ar\/wp-json\/wp\/v2\/comments?post=1483"}],"wp:featuredmedia":[{"embeddable":true,"href":"https:\/\/ferma.cat\/ar\/wp-json\/wp\/v2\/media\/1486"}],"wp:attachment":[{"href":"https:\/\/ferma.cat\/ar\/wp-json\/wp\/v2\/media?parent=1483"}],"wp:term":[{"taxonomy":"product_cat","embeddable":true,"href":"https:\/\/ferma.cat\/ar\/wp-json\/wp\/v2\/product_cat?post=1483"},{"taxonomy":"product_tag","embeddable":true,"href":"https:\/\/ferma.cat\/ar\/wp-json\/wp\/v2\/product_tag?post=1483"}],"curies":[{"name":"wp","href":"https:\/\/api.w.org\/{rel}","templated":true}]}}