{"id":98,"date":"2020-12-21T18:21:59","date_gmt":"2020-12-21T17:21:59","guid":{"rendered":"https:\/\/ferma.cat\/?page_id=98"},"modified":"2024-11-21T08:48:27","modified_gmt":"2024-11-21T07:48:27","slug":"benvinguts","status":"publish","type":"page","link":"https:\/\/ferma.cat\/ar\/","title":{"rendered":"Benvinguts"},"content":{"rendered":"\n<p class=\"has-text-align-center has-large-font-size\"><strong>\u00b7<\/strong> <strong>Roba patriota<\/strong> <strong>\u00b7<\/strong><\/p>\n\n\n\n<div class=\"wp-block-columns is-layout-flex wp-container-core-columns-is-layout-9d6595d7 wp-block-columns-is-layout-flex\">\n<div class=\"wp-block-column is-layout-flow wp-block-column-is-layout-flow\"><div data-block-name=\"woocommerce\/featured-category\" data-dim-ratio=\"40\" data-edit-mode=\"false\" data-focal-point=\"{&quot;x&quot;:&quot;0.47&quot;,&quot;y&quot;:&quot;0.41&quot;}\" data-category-id=\"68\" class=\"wc-block-featured-category alignnone has-background-dim has-background-dim-40 wp-block-woocommerce-featured-category\" style=\"min-height:500px;\"><div class=\"wc-block-featured-category__wrapper\"><div class=\"background-dim__overlay\" style=\"background-color: #000000\"><\/div><img decoding=\"async\" alt=\"Roba\" class=\"wc-block-featured-category__background-image\" src=\"https:\/\/ferma.cat\/wp-content\/uploads\/2020\/12\/930B-2.jpg\" style=\"object-fit: none;object-position: 47% 41%;\" \/><h2 class=\"wc-block-featured-category__title\">Roba<\/h2><div class=\"wc-block-featured-category__description\"><p>Roba d&#8217;alta qualitat per satisfer les necessitats dels patriotes m\u00e9s exigents:<\/p>\n<p>Samarretes, dessuadores, banyadors&#8230;<\/p>\n<\/div><div class=\"wc-block-featured-category__link\">\n\n<div class=\"wp-block-buttons is-content-justification-center is-layout-flex wp-container-core-buttons-is-layout-16018d1d wp-block-buttons-is-layout-flex\">\n<div class=\"wp-block-button\"><a class=\"wp-block-button__link wp-element-button\" href=\"https:\/\/ferma.cat\/categoria-producte\/roba\/\">Compra ara<\/a><\/div>\n<\/div>\n\n<\/div><\/div><\/div><\/div>\n\n\n\n<div class=\"wp-block-column is-layout-flow wp-block-column-is-layout-flow\"><div data-block-name=\"woocommerce\/featured-category\" data-dim-ratio=\"20\" data-edit-mode=\"false\" data-focal-point=\"{&quot;x&quot;:&quot;0.48&quot;,&quot;y&quot;:&quot;0.46&quot;}\" data-category-id=\"72\" class=\"wc-block-featured-category alignnone has-background-dim has-background-dim-20 wp-block-woocommerce-featured-category\" style=\"min-height:500px;\"><div class=\"wc-block-featured-category__wrapper\"><div class=\"background-dim__overlay\" style=\"background-color: #000000\"><\/div><img decoding=\"async\" alt=\"Lligadures\" class=\"wc-block-featured-category__background-image\" src=\"https:\/\/ferma.cat\/wp-content\/uploads\/2020\/12\/584-1024x1024.jpg\" style=\"object-fit: none;object-position: 48% 46%;\" \/><h2 class=\"wc-block-featured-category__title\">Lligadures<\/h2><div class=\"wc-block-featured-category__description\"><p>Lligadures d&#8217;alta qualitat per protegir el cap del fred o del sol;<\/p>\n<p>Caputxes, barrets, gorres&#8230;<\/p>\n<\/div><div class=\"wc-block-featured-category__link\">\n\n<div class=\"wp-block-buttons is-content-justification-center is-layout-flex wp-container-core-buttons-is-layout-16018d1d wp-block-buttons-is-layout-flex\">\n<div class=\"wp-block-button\"><a class=\"wp-block-button__link wp-element-button\" href=\"https:\/\/ferma.cat\/categoria-producte\/lligadures\/\">Compra ara<\/a><\/div>\n<\/div>\n\n<\/div><\/div><\/div><\/div>\n\n\n\n<div class=\"wp-block-column is-layout-flow wp-block-column-is-layout-flow\"><div data-block-name=\"woocommerce\/featured-category\" data-edit-mode=\"false\" data-focal-point=\"{&quot;x&quot;:&quot;0.20&quot;,&quot;y&quot;:&quot;0.83&quot;}\" data-media-id=\"1485\" data-media-src=\"https:\/\/ferma.cat\/wp-content\/uploads\/2022\/02\/315D-2.jpg\" data-category-id=\"15\" class=\"wc-block-featured-category alignnone has-background-dim wp-block-woocommerce-featured-category\" style=\"min-height:500px;\"><div class=\"wc-block-featured-category__wrapper\"><div class=\"background-dim__overlay\" style=\"background-color: #000000\"><\/div><img decoding=\"async\" alt=\"Accessoris\" class=\"wc-block-featured-category__background-image\" src=\"https:\/\/ferma.cat\/wp-content\/uploads\/2022\/02\/315D-2-1024x1024.jpg\" style=\"object-fit: none;object-position: 20% 83%;\" \/><h2 class=\"wc-block-featured-category__title\">Accessoris<\/h2><div class=\"wc-block-featured-category__description\"><p>Accessoris diversos fets amb materials d\u2019alta durabilitat: Banderes, Peda\u00e7os, Tovalloles&#8230;<\/p>\n<\/div><div class=\"wc-block-featured-category__link\">\n\n<div class=\"wp-block-buttons is-content-justification-center is-layout-flex wp-container-core-buttons-is-layout-16018d1d wp-block-buttons-is-layout-flex\">\n<div class=\"wp-block-button\"><a class=\"wp-block-button__link wp-element-button\" href=\"https:\/\/ferma.cat\/categoria-producte\/accessoris\/\">Compra ara<\/a><\/div>\n<\/div>\n\n<\/div><\/div><\/div><\/div>\n<\/div>\n\n\n\n<div style=\"height:20px\" aria-hidden=\"true\" class=\"wp-block-spacer\"><\/div>\n\n\n\n<div class=\"wp-block-cover aligncenter\" style=\"min-height:300px;aspect-ratio:unset;\"><span aria-hidden=\"true\" class=\"wp-block-cover__background has-black-background-color has-background-dim-60 has-background-dim\"><\/span><img loading=\"lazy\" decoding=\"async\" width=\"1799\" height=\"538\" class=\"wp-block-cover__image-background wp-image-1231\" alt=\"\" src=\"https:\/\/ferma.cat\/wp-content\/uploads\/2021\/09\/Fabricacionacional.jpg\" data-object-fit=\"cover\" srcset=\"https:\/\/ferma.cat\/wp-content\/uploads\/2021\/09\/Fabricacionacional.jpg 1799w, https:\/\/ferma.cat\/wp-content\/uploads\/2021\/09\/Fabricacionacional-300x90.jpg 300w, https:\/\/ferma.cat\/wp-content\/uploads\/2021\/09\/Fabricacionacional-1024x306.jpg 1024w, https:\/\/ferma.cat\/wp-content\/uploads\/2021\/09\/Fabricacionacional-768x230.jpg 768w, https:\/\/ferma.cat\/wp-content\/uploads\/2021\/09\/Fabricacionacional-1536x459.jpg 1536w, https:\/\/ferma.cat\/wp-content\/uploads\/2021\/09\/Fabricacionacional-18x5.jpg 18w, https:\/\/ferma.cat\/wp-content\/uploads\/2021\/09\/Fabricacionacional-600x179.jpg 600w\" sizes=\"auto, (max-width: 1799px) 100vw, 1799px\" \/><div class=\"wp-block-cover__inner-container is-layout-flow wp-block-cover-is-layout-flow\">\n<div class=\"wp-block-columns is-layout-flex wp-container-core-columns-is-layout-9d6595d7 wp-block-columns-is-layout-flex\">\n<div class=\"wp-block-column is-layout-flow wp-block-column-is-layout-flow\" style=\"flex-basis:100%\">\n<p class=\"has-text-align-center has-large-font-size\"><strong>Fabricaci\u00f3 nacional<\/strong><\/p>\n<\/div>\n<\/div>\n\n\n\n<div class=\"wp-block-columns is-layout-flex wp-container-core-columns-is-layout-9d6595d7 wp-block-columns-is-layout-flex\">\n<div class=\"wp-block-column is-layout-flow wp-block-column-is-layout-flow\"><div class=\"wp-block-image\">\n<figure class=\"alignleft size-full\"><img loading=\"lazy\" decoding=\"async\" width=\"150\" height=\"152\" src=\"https:\/\/ferma.cat\/wp-content\/uploads\/2021\/12\/ppcc1.png\" alt=\"\" class=\"wp-image-1401\" srcset=\"https:\/\/ferma.cat\/wp-content\/uploads\/2021\/12\/ppcc1.png 150w, https:\/\/ferma.cat\/wp-content\/uploads\/2021\/12\/ppcc1-12x12.png 12w, https:\/\/ferma.cat\/wp-content\/uploads\/2021\/12\/ppcc1-100x100.png 100w\" sizes=\"auto, (max-width: 150px) 100vw, 150px\" \/><\/figure>\n<\/div>\n\n\n<p class=\"has-text-align-center\"><strong>Fomentem el patriotisme econ\u00f2mic.<\/strong> Amb la compra de productes catalans donem feina a catalans, i el nostre capital es queda beneficiant l&#8217;economia del pa\u00eds. Per aix\u00f2, tots els nostres productes s\u00f3n dissenyats i confeccionats a Catalunya.<\/p>\n\n\n\n<p class=\"has-text-align-center\">Busquem sempre la m\u00e0xima qualitat en tots els nostres productes, cuidant els m\u00e9s m\u00ednims detalls, amb un control quasi malalt\u00eds de la producci\u00f3. <a href=\"https:\/\/ferma.cat\/fabricacio_catalana\/\"><span class=\"has-inline-color has-luminous-vivid-amber-color\">Llegir m\u00e9s.<\/span><\/a><\/p>\n<\/div>\n<\/div>\n<\/div><\/div>\n\n\n\n<div style=\"height:33px\" aria-hidden=\"true\" class=\"wp-block-spacer\"><\/div>\n\n\n\n<p class=\"has-text-align-center has-large-font-size\"><strong>\u00b7 Productes destacats<\/strong> <strong>\u00b7<\/strong><\/p>\n\n\n<div data-block-name=\"woocommerce\/handpicked-products\" data-columns=\"4\" data-content-visibility=\"{&quot;image&quot;:true,&quot;title&quot;:true,&quot;price&quot;:true,&quot;rating&quot;:false,&quot;button&quot;:true}\" data-products=\"[1122,1869,1539,1022]\" class=\"wc-block-grid wp-block-handpicked-products wc-block-handpicked-products has-4-columns has-multiple-rows\"><ul class=\"wc-block-grid__products\"><li class=\"wc-block-grid__product\">\n\t\t\t\t<a href=\"https:\/\/ferma.cat\/ar\/botiga\/dessuadora-catalunya-a-ultranca\/\" class=\"wc-block-grid__product-link\">\n\t\t\t\t\t<div class=\"wc-block-grid__product-image\"><img loading=\"lazy\" decoding=\"async\" width=\"300\" height=\"300\" src=\"https:\/\/ferma.cat\/wp-content\/uploads\/2023\/10\/929B_1-300x300.jpg\" class=\"attachment-woocommerce_thumbnail size-woocommerce_thumbnail\" alt=\"Dessuadora Ultran\u00e7a\" srcset=\"https:\/\/ferma.cat\/wp-content\/uploads\/2023\/10\/929B_1-300x300.jpg 300w, https:\/\/ferma.cat\/wp-content\/uploads\/2023\/10\/929B_1-1024x1024.jpg 1024w, https:\/\/ferma.cat\/wp-content\/uploads\/2023\/10\/929B_1-150x150.jpg 150w, https:\/\/ferma.cat\/wp-content\/uploads\/2023\/10\/929B_1-768x768.jpg 768w, https:\/\/ferma.cat\/wp-content\/uploads\/2023\/10\/929B_1-1536x1536.jpg 1536w, https:\/\/ferma.cat\/wp-content\/uploads\/2023\/10\/929B_1-12x12.jpg 12w, https:\/\/ferma.cat\/wp-content\/uploads\/2023\/10\/929B_1-600x600.jpg 600w, https:\/\/ferma.cat\/wp-content\/uploads\/2023\/10\/929B_1-100x100.jpg 100w, https:\/\/ferma.cat\/wp-content\/uploads\/2023\/10\/929B_1.jpg 1772w\" sizes=\"auto, (max-width: 300px) 100vw, 300px\" \/><\/div>\n\t\t\t\t\t<div class=\"wc-block-grid__product-title\">Dessuadora Ultran\u00e7a<\/div>\n\t\t\t\t<\/a>\n\t\t\t\t\n\t\t\t\t<div class=\"wc-block-grid__product-price price\"><span class=\"woocommerce-Price-amount amount\">35,00&nbsp;<span class=\"woocommerce-Price-currencySymbol\">&euro;<\/span><\/span><\/div>\n\t\t\t\t\n\t\t\t\t<div class=\"wp-block-button wc-block-grid__product-add-to-cart\"><a href=\"https:\/\/ferma.cat\/ar\/botiga\/dessuadora-catalunya-a-ultranca\/\" aria-label=\"Seleccione opcions\" data-quantity=\"1\" data-product_id=\"1869\" data-product_sku=\"929B\" rel=\"nofollow\" class=\"wp-block-button__link  add_to_cart_button\">Seleccione opcions<\/a><\/div>\n\t\t\t<\/li><li class=\"wc-block-grid__product\">\n\t\t\t\t<a href=\"https:\/\/ferma.cat\/ar\/botiga\/bandera-%f0%9d%95%b3\/\" class=\"wc-block-grid__product-link\">\n\t\t\t\t\t<div class=\"wc-block-grid__product-image\"><img loading=\"lazy\" decoding=\"async\" width=\"300\" height=\"300\" src=\"https:\/\/ferma.cat\/wp-content\/uploads\/2021\/09\/315C-300x300.jpg\" class=\"attachment-woocommerce_thumbnail size-woocommerce_thumbnail\" alt=\"Bandera \ud835\udd73\" srcset=\"https:\/\/ferma.cat\/wp-content\/uploads\/2021\/09\/315C-300x300.jpg 300w, https:\/\/ferma.cat\/wp-content\/uploads\/2021\/09\/315C-1024x1024.jpg 1024w, https:\/\/ferma.cat\/wp-content\/uploads\/2021\/09\/315C-150x150.jpg 150w, https:\/\/ferma.cat\/wp-content\/uploads\/2021\/09\/315C-768x768.jpg 768w, https:\/\/ferma.cat\/wp-content\/uploads\/2021\/09\/315C-1536x1536.jpg 1536w, https:\/\/ferma.cat\/wp-content\/uploads\/2021\/09\/315C-600x600.jpg 600w, https:\/\/ferma.cat\/wp-content\/uploads\/2021\/09\/315C-100x100.jpg 100w, https:\/\/ferma.cat\/wp-content\/uploads\/2021\/09\/315C.jpg 1781w\" sizes=\"auto, (max-width: 300px) 100vw, 300px\" \/><\/div>\n\t\t\t\t\t<div class=\"wc-block-grid__product-title\">Bandera \ud835\udd73<\/div>\n\t\t\t\t<\/a>\n\t\t\t\t\n\t\t\t\t<div class=\"wc-block-grid__product-price price\"><span class=\"woocommerce-Price-amount amount\">12,00&nbsp;<span class=\"woocommerce-Price-currencySymbol\">&euro;<\/span><\/span><\/div>\n\t\t\t\t\n\t\t\t\t<div class=\"wp-block-button wc-block-grid__product-add-to-cart\"><a href=\"?add-to-cart=1122\" aria-label=\"Ah\u00edger \u201cBandera \ud835\udd73\u201d ara v\u00f2sta cistalha\" data-quantity=\"1\" data-product_id=\"1122\" data-product_sku=\"315C\" rel=\"nofollow\" class=\"wp-block-button__link  add_to_cart_button ajax_add_to_cart\">Ah\u00edger ara cistalha<\/a><\/div>\n\t\t\t<\/li><\/ul><\/div>\n\n\n<p><\/p>\n","protected":false},"excerpt":{"rendered":"<p>\u00b7 Roba patriota \u00b7 \u00b7 Productes destacats \u00b7<\/p>","protected":false},"author":1,"featured_media":854,"parent":0,"menu_order":0,"comment_status":"closed","ping_status":"closed","template":"","meta":{"footnotes":""},"class_list":["post-98","page","type-page","status-publish","has-post-thumbnail","hentry"],"yoast_head":"<!-- This site is optimized with the Yoast SEO plugin v27.3 - https:\/\/yoast.com\/product\/yoast-seo-wordpress\/ -->\n<title>Ferma | Roba patriota<\/title>\n<meta name=\"description\" content=\"Ferma som una firma t\u00e8xtil nascuda a la comarca del Vall\u00e8s, amb l\u2019objectiu d\u2019oferir productes de dissenys senzills amb un ambient patri\u00f2tic.\" \/>\n<meta name=\"robots\" content=\"index, follow, max-snippet:-1, max-image-preview:large, max-video-preview:-1\" \/>\n<link rel=\"canonical\" href=\"https:\/\/ferma.cat\/ar\/\" \/>\n<meta property=\"og:locale\" content=\"en_US\" \/>\n<meta property=\"og:type\" content=\"article\" \/>\n<meta property=\"og:title\" content=\"Ferma | Roba patriota\" \/>\n<meta property=\"og:description\" content=\"Ferma som una firma t\u00e8xtil nascuda a la comarca del Vall\u00e8s, amb l\u2019objectiu d\u2019oferir productes de dissenys senzills amb un ambient patri\u00f2tic.\" \/>\n<meta property=\"og:url\" content=\"https:\/\/ferma.cat\/ar\/\" \/>\n<meta property=\"og:site_name\" content=\"Ferma\" \/>\n<meta property=\"article:modified_time\" content=\"2024-11-21T07:48:27+00:00\" \/>\n<meta property=\"og:image\" content=\"https:\/\/ferma.cat\/wp-content\/uploads\/2020\/12\/930930B.jpg\" \/>\n\t<meta property=\"og:image:width\" content=\"787\" \/>\n\t<meta property=\"og:image:height\" content=\"787\" \/>\n\t<meta property=\"og:image:type\" content=\"image\/jpeg\" \/>\n<meta name=\"twitter:card\" content=\"summary_large_image\" \/>\n<meta name=\"twitter:label1\" content=\"Est. reading time\" \/>\n\t<meta name=\"twitter:data1\" content=\"2 minutes\" \/>\n<script type=\"application\/ld+json\" class=\"yoast-schema-graph\">{\"@context\":\"https:\\\/\\\/schema.org\",\"@graph\":[{\"@type\":\"WebPage\",\"@id\":\"https:\\\/\\\/ferma.cat\\\/\",\"url\":\"https:\\\/\\\/ferma.cat\\\/\",\"name\":\"Ferma | Roba patriota\",\"isPartOf\":{\"@id\":\"https:\\\/\\\/ferma.cat\\\/#website\"},\"primaryImageOfPage\":{\"@id\":\"https:\\\/\\\/ferma.cat\\\/#primaryimage\"},\"image\":{\"@id\":\"https:\\\/\\\/ferma.cat\\\/#primaryimage\"},\"thumbnailUrl\":\"https:\\\/\\\/ferma.cat\\\/wp-content\\\/uploads\\\/2020\\\/12\\\/930930B.jpg\",\"datePublished\":\"2020-12-21T17:21:59+00:00\",\"dateModified\":\"2024-11-21T07:48:27+00:00\",\"description\":\"Ferma som una firma t\u00e8xtil nascuda a la comarca del Vall\u00e8s, amb l\u2019objectiu d\u2019oferir productes de dissenys senzills amb un ambient patri\u00f2tic.\",\"breadcrumb\":{\"@id\":\"https:\\\/\\\/ferma.cat\\\/#breadcrumb\"},\"inLanguage\":\"oc\",\"potentialAction\":[{\"@type\":\"ReadAction\",\"target\":[\"https:\\\/\\\/ferma.cat\\\/\"]}]},{\"@type\":\"ImageObject\",\"inLanguage\":\"oc\",\"@id\":\"https:\\\/\\\/ferma.cat\\\/#primaryimage\",\"url\":\"https:\\\/\\\/ferma.cat\\\/wp-content\\\/uploads\\\/2020\\\/12\\\/930930B.jpg\",\"contentUrl\":\"https:\\\/\\\/ferma.cat\\\/wp-content\\\/uploads\\\/2020\\\/12\\\/930930B.jpg\",\"width\":787,\"height\":787},{\"@type\":\"BreadcrumbList\",\"@id\":\"https:\\\/\\\/ferma.cat\\\/#breadcrumb\",\"itemListElement\":[{\"@type\":\"ListItem\",\"position\":1,\"name\":\"Inici\",\"item\":\"https:\\\/\\\/ferma.cat\\\/\"},{\"@type\":\"ListItem\",\"position\":2,\"name\":\"Benvinguts\"}]},{\"@type\":\"WebSite\",\"@id\":\"https:\\\/\\\/ferma.cat\\\/#website\",\"url\":\"https:\\\/\\\/ferma.cat\\\/\",\"name\":\"Ferma\",\"description\":\"Roba patriota\",\"publisher\":{\"@id\":\"https:\\\/\\\/ferma.cat\\\/#organization\"},\"potentialAction\":[{\"@type\":\"SearchAction\",\"target\":{\"@type\":\"EntryPoint\",\"urlTemplate\":\"https:\\\/\\\/ferma.cat\\\/?s={search_term_string}\"},\"query-input\":{\"@type\":\"PropertyValueSpecification\",\"valueRequired\":true,\"valueName\":\"search_term_string\"}}],\"inLanguage\":\"oc\"},{\"@type\":\"Organization\",\"@id\":\"https:\\\/\\\/ferma.cat\\\/#organization\",\"name\":\"Ferma\",\"url\":\"https:\\\/\\\/ferma.cat\\\/\",\"logo\":{\"@type\":\"ImageObject\",\"inLanguage\":\"oc\",\"@id\":\"https:\\\/\\\/ferma.cat\\\/#\\\/schema\\\/logo\\\/image\\\/\",\"url\":\"https:\\\/\\\/ferma.cat\\\/wp-content\\\/uploads\\\/2020\\\/12\\\/logoescuts.png\",\"contentUrl\":\"https:\\\/\\\/ferma.cat\\\/wp-content\\\/uploads\\\/2020\\\/12\\\/logoescuts.png\",\"width\":434,\"height\":295,\"caption\":\"Ferma\"},\"image\":{\"@id\":\"https:\\\/\\\/ferma.cat\\\/#\\\/schema\\\/logo\\\/image\\\/\"}}]}<\/script>\n<!-- \/ Yoast SEO plugin. -->","yoast_head_json":{"title":"Ferma | Roba patriota","description":"Ferma som una firma t\u00e8xtil nascuda a la comarca del Vall\u00e8s, amb l\u2019objectiu d\u2019oferir productes de dissenys senzills amb un ambient patri\u00f2tic.","robots":{"index":"index","follow":"follow","max-snippet":"max-snippet:-1","max-image-preview":"max-image-preview:large","max-video-preview":"max-video-preview:-1"},"canonical":"https:\/\/ferma.cat\/ar\/","og_locale":"en_US","og_type":"article","og_title":"Ferma | Roba patriota","og_description":"Ferma som una firma t\u00e8xtil nascuda a la comarca del Vall\u00e8s, amb l\u2019objectiu d\u2019oferir productes de dissenys senzills amb un ambient patri\u00f2tic.","og_url":"https:\/\/ferma.cat\/ar\/","og_site_name":"Ferma","article_modified_time":"2024-11-21T07:48:27+00:00","og_image":[{"width":787,"height":787,"url":"https:\/\/ferma.cat\/wp-content\/uploads\/2020\/12\/930930B.jpg","type":"image\/jpeg"}],"twitter_card":"summary_large_image","twitter_misc":{"Est. reading time":"2 minutes"},"schema":{"@context":"https:\/\/schema.org","@graph":[{"@type":"WebPage","@id":"https:\/\/ferma.cat\/","url":"https:\/\/ferma.cat\/","name":"Ferma | Roba patriota","isPartOf":{"@id":"https:\/\/ferma.cat\/#website"},"primaryImageOfPage":{"@id":"https:\/\/ferma.cat\/#primaryimage"},"image":{"@id":"https:\/\/ferma.cat\/#primaryimage"},"thumbnailUrl":"https:\/\/ferma.cat\/wp-content\/uploads\/2020\/12\/930930B.jpg","datePublished":"2020-12-21T17:21:59+00:00","dateModified":"2024-11-21T07:48:27+00:00","description":"Ferma som una firma t\u00e8xtil nascuda a la comarca del Vall\u00e8s, amb l\u2019objectiu d\u2019oferir productes de dissenys senzills amb un ambient patri\u00f2tic.","breadcrumb":{"@id":"https:\/\/ferma.cat\/#breadcrumb"},"inLanguage":"oc","potentialAction":[{"@type":"ReadAction","target":["https:\/\/ferma.cat\/"]}]},{"@type":"ImageObject","inLanguage":"oc","@id":"https:\/\/ferma.cat\/#primaryimage","url":"https:\/\/ferma.cat\/wp-content\/uploads\/2020\/12\/930930B.jpg","contentUrl":"https:\/\/ferma.cat\/wp-content\/uploads\/2020\/12\/930930B.jpg","width":787,"height":787},{"@type":"BreadcrumbList","@id":"https:\/\/ferma.cat\/#breadcrumb","itemListElement":[{"@type":"ListItem","position":1,"name":"Inici","item":"https:\/\/ferma.cat\/"},{"@type":"ListItem","position":2,"name":"Benvinguts"}]},{"@type":"WebSite","@id":"https:\/\/ferma.cat\/#website","url":"https:\/\/ferma.cat\/","name":"Ferma","description":"R\u00f2ba patriota","publisher":{"@id":"https:\/\/ferma.cat\/#organization"},"potentialAction":[{"@type":"SearchAction","target":{"@type":"EntryPoint","urlTemplate":"https:\/\/ferma.cat\/?s={search_term_string}"},"query-input":{"@type":"PropertyValueSpecification","valueRequired":true,"valueName":"search_term_string"}}],"inLanguage":"oc"},{"@type":"Organization","@id":"https:\/\/ferma.cat\/#organization","name":"Ferma","url":"https:\/\/ferma.cat\/","logo":{"@type":"ImageObject","inLanguage":"oc","@id":"https:\/\/ferma.cat\/#\/schema\/logo\/image\/","url":"https:\/\/ferma.cat\/wp-content\/uploads\/2020\/12\/logoescuts.png","contentUrl":"https:\/\/ferma.cat\/wp-content\/uploads\/2020\/12\/logoescuts.png","width":434,"height":295,"caption":"Ferma"},"image":{"@id":"https:\/\/ferma.cat\/#\/schema\/logo\/image\/"}}]}},"_links":{"self":[{"href":"https:\/\/ferma.cat\/ar\/wp-json\/wp\/v2\/pages\/98","targetHints":{"allow":["GET"]}}],"collection":[{"href":"https:\/\/ferma.cat\/ar\/wp-json\/wp\/v2\/pages"}],"about":[{"href":"https:\/\/ferma.cat\/ar\/wp-json\/wp\/v2\/types\/page"}],"author":[{"embeddable":true,"href":"https:\/\/ferma.cat\/ar\/wp-json\/wp\/v2\/users\/1"}],"replies":[{"embeddable":true,"href":"https:\/\/ferma.cat\/ar\/wp-json\/wp\/v2\/comments?post=98"}],"version-history":[{"count":92,"href":"https:\/\/ferma.cat\/ar\/wp-json\/wp\/v2\/pages\/98\/revisions"}],"predecessor-version":[{"id":2211,"href":"https:\/\/ferma.cat\/ar\/wp-json\/wp\/v2\/pages\/98\/revisions\/2211"}],"wp:featuredmedia":[{"embeddable":true,"href":"https:\/\/ferma.cat\/ar\/wp-json\/wp\/v2\/media\/854"}],"wp:attachment":[{"href":"https:\/\/ferma.cat\/ar\/wp-json\/wp\/v2\/media?parent=98"}],"curies":[{"name":"wp","href":"https:\/\/api.w.org\/{rel}","templated":true}]}}